{"id":3634,"date":"2026-01-08T13:23:07","date_gmt":"2026-01-08T12:23:07","guid":{"rendered":"https:\/\/www.chansawang.hu\/produkt\/bb-uv-protection-cream-spf-40\/"},"modified":"2026-01-08T13:23:07","modified_gmt":"2026-01-08T12:23:07","slug":"bb-uv-protection-cream-spf-40","status":"publish","type":"product","link":"https:\/\/www.chansawang.hu\/en\/produkt\/bb-uv-protection-cream-spf-40\/","title":{"rendered":"BB UV Protection Cream SPF 40"},"content":{"rendered":"<div class=\"product-description\">\n<h2>BB UV Protection Cream SPF 40<\/h2>\n<p class=\"subtitle\"><em>Protective Face Cream Against Sun<\/em><\/p>\n<h3>Benefits at First Touch<\/h3>\n<ul>\n<li><strong>Broad-spectrum UV Protection SPF 40<\/strong><\/li>\n<li><strong>Smooths &amp; Evens Out:<\/strong> Skin Surface<\/li>\n<li><strong>Light Daily Coverage:<\/strong> Without Feeling Like a Mask<\/li>\n<\/ul>\n<p>\n Mineral BB cream that provides broad-spectrum protection against UVA\/UVB radiation,<br \/>\nwhile evening out skin tone and providing natural daily coverage. The light texture spreads<br \/>\neasily, doesn&#8217;t clog pores, and leaves the skin protected, radiant, and fresh all day long.\n  <\/p>\n<h3>Key Active Ingredients<\/h3>\n<ul>\n<li><strong>Titanium Dioxide:<\/strong> Natural mineral UV filter, protects against UVA\/UVB radiation and slows down photo-aging<\/li>\n<li><strong>Aluminum Hydroxide:<\/strong> Soothes, stabilizes the protective formula, and minimizes irritation<\/li>\n<\/ul>\n<h3>How to Use<\/h3>\n<ol>\n<li>Before use, <strong>shake the cream well for at least 5 seconds<\/strong> to unify the consistency.<\/li>\n<li>Apply <strong>a sufficient amount<\/strong> to face, neck, and other exposed areas of skin at least <strong>15 minutes before sun exposure<\/strong>.<\/li>\n<li>For optimal protection, <strong>reapply every 2 hours<\/strong>, especially after swimming, sweating, or towel drying.<\/li>\n<\/ol>\n<p><strong>Weight:<\/strong> 15 g<\/p>\n<\/div>\n","protected":false},"excerpt":{"rendered":"<p data-start=\"0\" data-end=\"338\">Mineral BB cream that provides <strong data-start=\"113\" data-end=\"163\">broad-spectrum protection against UVA\/UVB radiation<\/strong>, while evening out skin tone and providing natural daily coverage. The light texture spreads easily, doesn&#8217;t clog pores, and leaves the skin protected, radiant, and fresh all day long.  <\/p>\n","protected":false},"featured_media":3625,"comment_status":"open","ping_status":"closed","template":"","meta":[],"product_brand":[],"product_cat":[108],"product_tag":[],"class_list":{"0":"post-3634","1":"product","2":"type-product","3":"status-publish","4":"has-post-thumbnail","6":"product_cat-moisturizing-premium-anti-aging-collection","8":"first","9":"instock","10":"taxable","11":"shipping-taxable","12":"purchasable","13":"product-type-simple"},"yoast_head":"<!-- This site is optimized with the Yoast SEO plugin v26.9 - https:\/\/yoast.com\/product\/yoast-seo-wordpress\/ -->\n<title>BB UV Protection Cream SPF 40 - ChanSawang.hu<\/title>\n<meta name=\"robots\" content=\"index, follow, max-snippet:-1, max-image-preview:large, max-video-preview:-1\" \/>\n<link rel=\"canonical\" href=\"https:\/\/www.chansawang.hu\/en\/produkt\/bb-uv-protection-cream-spf-40\/\" \/>\n<meta property=\"og:locale\" content=\"en_US\" \/>\n<meta property=\"og:type\" content=\"article\" \/>\n<meta property=\"og:title\" content=\"BB UV Protection Cream SPF 40 - ChanSawang.hu\" \/>\n<meta property=\"og:description\" content=\"Mineral BB cream that provides broad-spectrum protection against UVA\/UVB radiation, while evening out skin tone and providing natural daily coverage. The light texture spreads easily, doesn&#039;t clog pores, and leaves the skin protected, radiant, and fresh all day long.\" \/>\n<meta property=\"og:url\" content=\"https:\/\/www.chansawang.hu\/en\/produkt\/bb-uv-protection-cream-spf-40\/\" \/>\n<meta property=\"og:site_name\" content=\"ChanSawang.hu\" \/>\n<meta property=\"article:publisher\" content=\"https:\/\/www.facebook.com\/profile.php?id=61563409901377\" \/>\n<meta property=\"og:image\" content=\"https:\/\/www.chansawang.hu\/wp-content\/uploads\/2026\/01\/bb-uv-protection.jpg\" \/>\n\t<meta property=\"og:image:width\" content=\"1500\" \/>\n\t<meta property=\"og:image:height\" content=\"1500\" \/>\n\t<meta property=\"og:image:type\" content=\"image\/jpeg\" \/>\n<meta name=\"twitter:card\" content=\"summary_large_image\" \/>\n<meta name=\"twitter:label1\" content=\"Est. reading time\" \/>\n\t<meta name=\"twitter:data1\" content=\"1 minute\" \/>\n<script type=\"application\/ld+json\" class=\"yoast-schema-graph\">{\"@context\":\"https:\/\/schema.org\",\"@graph\":[{\"@type\":\"WebPage\",\"@id\":\"https:\/\/www.chansawang.hu\/en\/produkt\/bb-uv-protection-cream-spf-40\/\",\"url\":\"https:\/\/www.chansawang.hu\/en\/produkt\/bb-uv-protection-cream-spf-40\/\",\"name\":\"BB UV Protection Cream SPF 40 - ChanSawang.hu\",\"isPartOf\":{\"@id\":\"https:\/\/www.chansawang.hu\/en\/#website\"},\"primaryImageOfPage\":{\"@id\":\"https:\/\/www.chansawang.hu\/en\/produkt\/bb-uv-protection-cream-spf-40\/#primaryimage\"},\"image\":{\"@id\":\"https:\/\/www.chansawang.hu\/en\/produkt\/bb-uv-protection-cream-spf-40\/#primaryimage\"},\"thumbnailUrl\":\"https:\/\/www.chansawang.hu\/wp-content\/uploads\/2026\/01\/bb-uv-protection.jpg\",\"datePublished\":\"2026-01-08T12:23:07+00:00\",\"breadcrumb\":{\"@id\":\"https:\/\/www.chansawang.hu\/en\/produkt\/bb-uv-protection-cream-spf-40\/#breadcrumb\"},\"inLanguage\":\"en-US\",\"potentialAction\":[{\"@type\":\"ReadAction\",\"target\":[\"https:\/\/www.chansawang.hu\/en\/produkt\/bb-uv-protection-cream-spf-40\/\"]}]},{\"@type\":\"ImageObject\",\"inLanguage\":\"en-US\",\"@id\":\"https:\/\/www.chansawang.hu\/en\/produkt\/bb-uv-protection-cream-spf-40\/#primaryimage\",\"url\":\"https:\/\/www.chansawang.hu\/wp-content\/uploads\/2026\/01\/bb-uv-protection.jpg\",\"contentUrl\":\"https:\/\/www.chansawang.hu\/wp-content\/uploads\/2026\/01\/bb-uv-protection.jpg\",\"width\":1500,\"height\":1500},{\"@type\":\"BreadcrumbList\",\"@id\":\"https:\/\/www.chansawang.hu\/en\/produkt\/bb-uv-protection-cream-spf-40\/#breadcrumb\",\"itemListElement\":[{\"@type\":\"ListItem\",\"position\":1,\"name\":\"Homepage\",\"item\":\"https:\/\/www.chansawang.hu\/en\/\"},{\"@type\":\"ListItem\",\"position\":2,\"name\":\"Products\",\"item\":\"https:\/\/www.chansawang.hu\/en\/shop\/\"},{\"@type\":\"ListItem\",\"position\":3,\"name\":\"BB UV Protection Cream SPF 40\"}]},{\"@type\":\"WebSite\",\"@id\":\"https:\/\/www.chansawang.hu\/en\/#website\",\"url\":\"https:\/\/www.chansawang.hu\/en\/\",\"name\":\"AgeLoc - Pr\u00e9miov\u00e1 thajsk\u00e1 kozmetika ChanSawang\",\"description\":\"Pr\u00e9mium thai kozmetika\",\"publisher\":{\"@id\":\"https:\/\/www.chansawang.hu\/en\/#organization\"},\"potentialAction\":[{\"@type\":\"SearchAction\",\"target\":{\"@type\":\"EntryPoint\",\"urlTemplate\":\"https:\/\/www.chansawang.hu\/en\/?s={search_term_string}\"},\"query-input\":{\"@type\":\"PropertyValueSpecification\",\"valueRequired\":true,\"valueName\":\"search_term_string\"}}],\"inLanguage\":\"en-US\"},{\"@type\":\"Organization\",\"@id\":\"https:\/\/www.chansawang.hu\/en\/#organization\",\"name\":\"AgeLoc s.r.o.\",\"url\":\"https:\/\/www.chansawang.hu\/en\/\",\"logo\":{\"@type\":\"ImageObject\",\"inLanguage\":\"en-US\",\"@id\":\"https:\/\/www.chansawang.hu\/en\/#\/schema\/logo\/image\/\",\"url\":\"https:\/\/www.chansawang.hu\/wp-content\/uploads\/2025\/09\/logo-ChanSawang.svg\",\"contentUrl\":\"https:\/\/www.chansawang.hu\/wp-content\/uploads\/2025\/09\/logo-ChanSawang.svg\",\"width\":106,\"height\":106,\"caption\":\"AgeLoc s.r.o.\"},\"image\":{\"@id\":\"https:\/\/www.chansawang.hu\/en\/#\/schema\/logo\/image\/\"},\"sameAs\":[\"https:\/\/www.facebook.com\/profile.php?id=61563409901377\"]}]}<\/script>\n<!-- \/ Yoast SEO plugin. -->","yoast_head_json":{"title":"BB UV Protection Cream SPF 40 - ChanSawang.hu","robots":{"index":"index","follow":"follow","max-snippet":"max-snippet:-1","max-image-preview":"max-image-preview:large","max-video-preview":"max-video-preview:-1"},"canonical":"https:\/\/www.chansawang.hu\/en\/produkt\/bb-uv-protection-cream-spf-40\/","og_locale":"en_US","og_type":"article","og_title":"BB UV Protection Cream SPF 40 - ChanSawang.hu","og_description":"Mineral BB cream that provides broad-spectrum protection against UVA\/UVB radiation, while evening out skin tone and providing natural daily coverage. The light texture spreads easily, doesn't clog pores, and leaves the skin protected, radiant, and fresh all day long.","og_url":"https:\/\/www.chansawang.hu\/en\/produkt\/bb-uv-protection-cream-spf-40\/","og_site_name":"ChanSawang.hu","article_publisher":"https:\/\/www.facebook.com\/profile.php?id=61563409901377","og_image":[{"width":1500,"height":1500,"url":"https:\/\/www.chansawang.hu\/wp-content\/uploads\/2026\/01\/bb-uv-protection.jpg","type":"image\/jpeg"}],"twitter_card":"summary_large_image","twitter_misc":{"Est. reading time":"1 minute"},"schema":{"@context":"https:\/\/schema.org","@graph":[{"@type":"WebPage","@id":"https:\/\/www.chansawang.hu\/en\/produkt\/bb-uv-protection-cream-spf-40\/","url":"https:\/\/www.chansawang.hu\/en\/produkt\/bb-uv-protection-cream-spf-40\/","name":"BB UV Protection Cream SPF 40 - ChanSawang.hu","isPartOf":{"@id":"https:\/\/www.chansawang.hu\/en\/#website"},"primaryImageOfPage":{"@id":"https:\/\/www.chansawang.hu\/en\/produkt\/bb-uv-protection-cream-spf-40\/#primaryimage"},"image":{"@id":"https:\/\/www.chansawang.hu\/en\/produkt\/bb-uv-protection-cream-spf-40\/#primaryimage"},"thumbnailUrl":"https:\/\/www.chansawang.hu\/wp-content\/uploads\/2026\/01\/bb-uv-protection.jpg","datePublished":"2026-01-08T12:23:07+00:00","breadcrumb":{"@id":"https:\/\/www.chansawang.hu\/en\/produkt\/bb-uv-protection-cream-spf-40\/#breadcrumb"},"inLanguage":"en-US","potentialAction":[{"@type":"ReadAction","target":["https:\/\/www.chansawang.hu\/en\/produkt\/bb-uv-protection-cream-spf-40\/"]}]},{"@type":"ImageObject","inLanguage":"en-US","@id":"https:\/\/www.chansawang.hu\/en\/produkt\/bb-uv-protection-cream-spf-40\/#primaryimage","url":"https:\/\/www.chansawang.hu\/wp-content\/uploads\/2026\/01\/bb-uv-protection.jpg","contentUrl":"https:\/\/www.chansawang.hu\/wp-content\/uploads\/2026\/01\/bb-uv-protection.jpg","width":1500,"height":1500},{"@type":"BreadcrumbList","@id":"https:\/\/www.chansawang.hu\/en\/produkt\/bb-uv-protection-cream-spf-40\/#breadcrumb","itemListElement":[{"@type":"ListItem","position":1,"name":"Homepage","item":"https:\/\/www.chansawang.hu\/en\/"},{"@type":"ListItem","position":2,"name":"Products","item":"https:\/\/www.chansawang.hu\/en\/shop\/"},{"@type":"ListItem","position":3,"name":"BB UV Protection Cream SPF 40"}]},{"@type":"WebSite","@id":"https:\/\/www.chansawang.hu\/en\/#website","url":"https:\/\/www.chansawang.hu\/en\/","name":"AgeLoc - Pr\u00e9miov\u00e1 thajsk\u00e1 kozmetika ChanSawang","description":"Pr\u00e9mium thai kozmetika","publisher":{"@id":"https:\/\/www.chansawang.hu\/en\/#organization"},"potentialAction":[{"@type":"SearchAction","target":{"@type":"EntryPoint","urlTemplate":"https:\/\/www.chansawang.hu\/en\/?s={search_term_string}"},"query-input":{"@type":"PropertyValueSpecification","valueRequired":true,"valueName":"search_term_string"}}],"inLanguage":"en-US"},{"@type":"Organization","@id":"https:\/\/www.chansawang.hu\/en\/#organization","name":"AgeLoc s.r.o.","url":"https:\/\/www.chansawang.hu\/en\/","logo":{"@type":"ImageObject","inLanguage":"en-US","@id":"https:\/\/www.chansawang.hu\/en\/#\/schema\/logo\/image\/","url":"https:\/\/www.chansawang.hu\/wp-content\/uploads\/2025\/09\/logo-ChanSawang.svg","contentUrl":"https:\/\/www.chansawang.hu\/wp-content\/uploads\/2025\/09\/logo-ChanSawang.svg","width":106,"height":106,"caption":"AgeLoc s.r.o."},"image":{"@id":"https:\/\/www.chansawang.hu\/en\/#\/schema\/logo\/image\/"},"sameAs":["https:\/\/www.facebook.com\/profile.php?id=61563409901377"]}]}},"_links":{"self":[{"href":"https:\/\/www.chansawang.hu\/en\/wp-json\/wp\/v2\/product\/3634","targetHints":{"allow":["GET"]}}],"collection":[{"href":"https:\/\/www.chansawang.hu\/en\/wp-json\/wp\/v2\/product"}],"about":[{"href":"https:\/\/www.chansawang.hu\/en\/wp-json\/wp\/v2\/types\/product"}],"replies":[{"embeddable":true,"href":"https:\/\/www.chansawang.hu\/en\/wp-json\/wp\/v2\/comments?post=3634"}],"wp:featuredmedia":[{"embeddable":true,"href":"https:\/\/www.chansawang.hu\/en\/wp-json\/wp\/v2\/media\/3625"}],"wp:attachment":[{"href":"https:\/\/www.chansawang.hu\/en\/wp-json\/wp\/v2\/media?parent=3634"}],"wp:term":[{"taxonomy":"product_brand","embeddable":true,"href":"https:\/\/www.chansawang.hu\/en\/wp-json\/wp\/v2\/product_brand?post=3634"},{"taxonomy":"product_cat","embeddable":true,"href":"https:\/\/www.chansawang.hu\/en\/wp-json\/wp\/v2\/product_cat?post=3634"},{"taxonomy":"product_tag","embeddable":true,"href":"https:\/\/www.chansawang.hu\/en\/wp-json\/wp\/v2\/product_tag?post=3634"}],"curies":[{"name":"wp","href":"https:\/\/api.w.org\/{rel}","templated":true}]}}