{"id":3603,"date":"2026-01-08T13:23:06","date_gmt":"2026-01-08T12:23:06","guid":{"rendered":"https:\/\/www.chansawang.hu\/produkt\/green-tt-clarifying-clay-pack\/"},"modified":"2026-01-08T13:23:06","modified_gmt":"2026-01-08T12:23:06","slug":"green-tt-clarifying-clay-pack","status":"publish","type":"product","link":"https:\/\/www.chansawang.hu\/en\/produkt\/green-tt-clarifying-clay-pack\/","title":{"rendered":"Green TT Clarifying Clay Pack"},"content":{"rendered":"<div class=\"product-description\">\n<h2>Green TT Clarifying Clay Pack<\/h2>\n<p class=\"subtitle\"><em>Cleansing &amp; Detoxifying Clay Mask<\/em><\/p>\n<p>\n Experience deep cleansing and detoxification with <strong>Green TT Clarifying Clay Pack<\/strong> \u2014 a clay mask<br \/>\nthat effectively removes impurities, excess sebum, and helps prevent skin imperfections.<br \/>\nThanks to its rich composition, it also hydrates, protects, and maintains skin balance.\n  <\/p>\n<h3>Key Benefits<\/h3>\n<ul>\n<li>Cleanses &amp; detoxifies pores<\/li>\n<li>Fights imperfections and acne<\/li>\n<li>Soothes irritated skin<\/li>\n<li>Nourishes &amp; protects the skin<\/li>\n<li>Leaves skin fresh and visibly smoother<\/li>\n<\/ul>\n<h3>Key Active Ingredients<\/h3>\n<ul>\n<li><strong>Kaolin:<\/strong> gently cleanses, absorbs excess oil, and mattifies the skin<\/li>\n<li><strong>Bentonite:<\/strong> deeply detoxifies and removes toxins<\/li>\n<li><strong>Tea Tree oil:<\/strong> antibacterial effect, reduces acne and inflammation<\/li>\n<li><strong>Salicylic acid:<\/strong> exfoliates and unclogs pores<\/li>\n<li><strong>Zinc PCA:<\/strong> regulates sebum production and soothes<\/li>\n<li><strong>Jojoba oil:<\/strong> hydrates and balances skin oiliness<\/li>\n<li><strong>Sunflower oil:<\/strong> nourishes and softens the skin<\/li>\n<li><strong>Green tea:<\/strong> powerful antioxidant, slows down skin aging<\/li>\n<\/ul>\n<h3>How to Use<\/h3>\n<ol>\n<li>Mix a sufficient amount of the mask with a few drops of water to create a smooth paste.<\/li>\n<li>Apply evenly to clean skin and leave on for 15 &#8211; 20 minutes.<\/li>\n<li>Rinse thoroughly with warm water.<\/li>\n<li>Recommended use 2 &#8211; 3 times a week for optimal results.<\/li>\n<\/ol>\n<p>\n    <strong>Content:<\/strong> 50 g<br \/><strong>Category:<\/strong> Facial Cleansing\n  <\/p>\n<\/div>\n","protected":false},"excerpt":{"rendered":"<p data-start=\"80\" data-end=\"343\">Experience deep cleansing and detoxification with <strong data-start=\"118\" data-end=\"151\">Green TT Clarifying Clay Pack<\/strong> \u2014 a clay mask that effectively removes impurities, excess sebum, and helps prevent skin imperfections. Thanks to its rich composition, it also hydrates, protects, and maintains skin balance.  <\/p>\n","protected":false},"featured_media":3597,"comment_status":"open","ping_status":"closed","template":"","meta":[],"product_brand":[],"product_cat":[115],"product_tag":[],"class_list":{"0":"post-3603","1":"product","2":"type-product","3":"status-publish","4":"has-post-thumbnail","6":"product_cat-balancing-anti-irritation-collection","8":"first","9":"instock","10":"taxable","11":"shipping-taxable","12":"purchasable","13":"product-type-simple"},"yoast_head":"<!-- This site is optimized with the Yoast SEO plugin v26.9 - https:\/\/yoast.com\/product\/yoast-seo-wordpress\/ -->\n<title>Green TT Clarifying Clay Pack - ChanSawang.hu<\/title>\n<meta name=\"robots\" content=\"index, follow, max-snippet:-1, max-image-preview:large, max-video-preview:-1\" \/>\n<link rel=\"canonical\" href=\"https:\/\/www.chansawang.hu\/en\/produkt\/green-tt-clarifying-clay-pack\/\" \/>\n<meta property=\"og:locale\" content=\"en_US\" \/>\n<meta property=\"og:type\" content=\"article\" \/>\n<meta property=\"og:title\" content=\"Green TT Clarifying Clay Pack - ChanSawang.hu\" \/>\n<meta property=\"og:description\" content=\"Experience deep cleansing and detoxification with Green TT Clarifying Clay Pack \u2014 a clay mask that effectively removes impurities, excess sebum, and helps prevent skin imperfections. Thanks to its rich composition, it also hydrates, protects, and maintains skin balance.\" \/>\n<meta property=\"og:url\" content=\"https:\/\/www.chansawang.hu\/en\/produkt\/green-tt-clarifying-clay-pack\/\" \/>\n<meta property=\"og:site_name\" content=\"ChanSawang.hu\" \/>\n<meta property=\"article:publisher\" content=\"https:\/\/www.facebook.com\/profile.php?id=61563409901377\" \/>\n<meta property=\"og:image\" content=\"https:\/\/www.chansawang.hu\/wp-content\/uploads\/2026\/01\/greentt.jpg\" \/>\n\t<meta property=\"og:image:width\" content=\"1500\" \/>\n\t<meta property=\"og:image:height\" content=\"1500\" \/>\n\t<meta property=\"og:image:type\" content=\"image\/jpeg\" \/>\n<meta name=\"twitter:card\" content=\"summary_large_image\" \/>\n<meta name=\"twitter:label1\" content=\"Est. reading time\" \/>\n\t<meta name=\"twitter:data1\" content=\"1 minute\" \/>\n<script type=\"application\/ld+json\" class=\"yoast-schema-graph\">{\"@context\":\"https:\/\/schema.org\",\"@graph\":[{\"@type\":\"WebPage\",\"@id\":\"https:\/\/www.chansawang.hu\/en\/produkt\/green-tt-clarifying-clay-pack\/\",\"url\":\"https:\/\/www.chansawang.hu\/en\/produkt\/green-tt-clarifying-clay-pack\/\",\"name\":\"Green TT Clarifying Clay Pack - ChanSawang.hu\",\"isPartOf\":{\"@id\":\"https:\/\/www.chansawang.hu\/en\/#website\"},\"primaryImageOfPage\":{\"@id\":\"https:\/\/www.chansawang.hu\/en\/produkt\/green-tt-clarifying-clay-pack\/#primaryimage\"},\"image\":{\"@id\":\"https:\/\/www.chansawang.hu\/en\/produkt\/green-tt-clarifying-clay-pack\/#primaryimage\"},\"thumbnailUrl\":\"https:\/\/www.chansawang.hu\/wp-content\/uploads\/2026\/01\/greentt.jpg\",\"datePublished\":\"2026-01-08T12:23:06+00:00\",\"breadcrumb\":{\"@id\":\"https:\/\/www.chansawang.hu\/en\/produkt\/green-tt-clarifying-clay-pack\/#breadcrumb\"},\"inLanguage\":\"en-US\",\"potentialAction\":[{\"@type\":\"ReadAction\",\"target\":[\"https:\/\/www.chansawang.hu\/en\/produkt\/green-tt-clarifying-clay-pack\/\"]}]},{\"@type\":\"ImageObject\",\"inLanguage\":\"en-US\",\"@id\":\"https:\/\/www.chansawang.hu\/en\/produkt\/green-tt-clarifying-clay-pack\/#primaryimage\",\"url\":\"https:\/\/www.chansawang.hu\/wp-content\/uploads\/2026\/01\/greentt.jpg\",\"contentUrl\":\"https:\/\/www.chansawang.hu\/wp-content\/uploads\/2026\/01\/greentt.jpg\",\"width\":1500,\"height\":1500},{\"@type\":\"BreadcrumbList\",\"@id\":\"https:\/\/www.chansawang.hu\/en\/produkt\/green-tt-clarifying-clay-pack\/#breadcrumb\",\"itemListElement\":[{\"@type\":\"ListItem\",\"position\":1,\"name\":\"Homepage\",\"item\":\"https:\/\/www.chansawang.hu\/en\/\"},{\"@type\":\"ListItem\",\"position\":2,\"name\":\"Products\",\"item\":\"https:\/\/www.chansawang.hu\/en\/shop\/\"},{\"@type\":\"ListItem\",\"position\":3,\"name\":\"Green TT Clarifying Clay Pack\"}]},{\"@type\":\"WebSite\",\"@id\":\"https:\/\/www.chansawang.hu\/en\/#website\",\"url\":\"https:\/\/www.chansawang.hu\/en\/\",\"name\":\"AgeLoc - Pr\u00e9miov\u00e1 thajsk\u00e1 kozmetika ChanSawang\",\"description\":\"Pr\u00e9mium thai kozmetika\",\"publisher\":{\"@id\":\"https:\/\/www.chansawang.hu\/en\/#organization\"},\"potentialAction\":[{\"@type\":\"SearchAction\",\"target\":{\"@type\":\"EntryPoint\",\"urlTemplate\":\"https:\/\/www.chansawang.hu\/en\/?s={search_term_string}\"},\"query-input\":{\"@type\":\"PropertyValueSpecification\",\"valueRequired\":true,\"valueName\":\"search_term_string\"}}],\"inLanguage\":\"en-US\"},{\"@type\":\"Organization\",\"@id\":\"https:\/\/www.chansawang.hu\/en\/#organization\",\"name\":\"AgeLoc s.r.o.\",\"url\":\"https:\/\/www.chansawang.hu\/en\/\",\"logo\":{\"@type\":\"ImageObject\",\"inLanguage\":\"en-US\",\"@id\":\"https:\/\/www.chansawang.hu\/en\/#\/schema\/logo\/image\/\",\"url\":\"https:\/\/www.chansawang.hu\/wp-content\/uploads\/2025\/09\/logo-ChanSawang.svg\",\"contentUrl\":\"https:\/\/www.chansawang.hu\/wp-content\/uploads\/2025\/09\/logo-ChanSawang.svg\",\"width\":106,\"height\":106,\"caption\":\"AgeLoc s.r.o.\"},\"image\":{\"@id\":\"https:\/\/www.chansawang.hu\/en\/#\/schema\/logo\/image\/\"},\"sameAs\":[\"https:\/\/www.facebook.com\/profile.php?id=61563409901377\"]}]}<\/script>\n<!-- \/ Yoast SEO plugin. -->","yoast_head_json":{"title":"Green TT Clarifying Clay Pack - ChanSawang.hu","robots":{"index":"index","follow":"follow","max-snippet":"max-snippet:-1","max-image-preview":"max-image-preview:large","max-video-preview":"max-video-preview:-1"},"canonical":"https:\/\/www.chansawang.hu\/en\/produkt\/green-tt-clarifying-clay-pack\/","og_locale":"en_US","og_type":"article","og_title":"Green TT Clarifying Clay Pack - ChanSawang.hu","og_description":"Experience deep cleansing and detoxification with Green TT Clarifying Clay Pack \u2014 a clay mask that effectively removes impurities, excess sebum, and helps prevent skin imperfections. Thanks to its rich composition, it also hydrates, protects, and maintains skin balance.","og_url":"https:\/\/www.chansawang.hu\/en\/produkt\/green-tt-clarifying-clay-pack\/","og_site_name":"ChanSawang.hu","article_publisher":"https:\/\/www.facebook.com\/profile.php?id=61563409901377","og_image":[{"width":1500,"height":1500,"url":"https:\/\/www.chansawang.hu\/wp-content\/uploads\/2026\/01\/greentt.jpg","type":"image\/jpeg"}],"twitter_card":"summary_large_image","twitter_misc":{"Est. reading time":"1 minute"},"schema":{"@context":"https:\/\/schema.org","@graph":[{"@type":"WebPage","@id":"https:\/\/www.chansawang.hu\/en\/produkt\/green-tt-clarifying-clay-pack\/","url":"https:\/\/www.chansawang.hu\/en\/produkt\/green-tt-clarifying-clay-pack\/","name":"Green TT Clarifying Clay Pack - ChanSawang.hu","isPartOf":{"@id":"https:\/\/www.chansawang.hu\/en\/#website"},"primaryImageOfPage":{"@id":"https:\/\/www.chansawang.hu\/en\/produkt\/green-tt-clarifying-clay-pack\/#primaryimage"},"image":{"@id":"https:\/\/www.chansawang.hu\/en\/produkt\/green-tt-clarifying-clay-pack\/#primaryimage"},"thumbnailUrl":"https:\/\/www.chansawang.hu\/wp-content\/uploads\/2026\/01\/greentt.jpg","datePublished":"2026-01-08T12:23:06+00:00","breadcrumb":{"@id":"https:\/\/www.chansawang.hu\/en\/produkt\/green-tt-clarifying-clay-pack\/#breadcrumb"},"inLanguage":"en-US","potentialAction":[{"@type":"ReadAction","target":["https:\/\/www.chansawang.hu\/en\/produkt\/green-tt-clarifying-clay-pack\/"]}]},{"@type":"ImageObject","inLanguage":"en-US","@id":"https:\/\/www.chansawang.hu\/en\/produkt\/green-tt-clarifying-clay-pack\/#primaryimage","url":"https:\/\/www.chansawang.hu\/wp-content\/uploads\/2026\/01\/greentt.jpg","contentUrl":"https:\/\/www.chansawang.hu\/wp-content\/uploads\/2026\/01\/greentt.jpg","width":1500,"height":1500},{"@type":"BreadcrumbList","@id":"https:\/\/www.chansawang.hu\/en\/produkt\/green-tt-clarifying-clay-pack\/#breadcrumb","itemListElement":[{"@type":"ListItem","position":1,"name":"Homepage","item":"https:\/\/www.chansawang.hu\/en\/"},{"@type":"ListItem","position":2,"name":"Products","item":"https:\/\/www.chansawang.hu\/en\/shop\/"},{"@type":"ListItem","position":3,"name":"Green TT Clarifying Clay Pack"}]},{"@type":"WebSite","@id":"https:\/\/www.chansawang.hu\/en\/#website","url":"https:\/\/www.chansawang.hu\/en\/","name":"AgeLoc - Pr\u00e9miov\u00e1 thajsk\u00e1 kozmetika ChanSawang","description":"Pr\u00e9mium thai kozmetika","publisher":{"@id":"https:\/\/www.chansawang.hu\/en\/#organization"},"potentialAction":[{"@type":"SearchAction","target":{"@type":"EntryPoint","urlTemplate":"https:\/\/www.chansawang.hu\/en\/?s={search_term_string}"},"query-input":{"@type":"PropertyValueSpecification","valueRequired":true,"valueName":"search_term_string"}}],"inLanguage":"en-US"},{"@type":"Organization","@id":"https:\/\/www.chansawang.hu\/en\/#organization","name":"AgeLoc s.r.o.","url":"https:\/\/www.chansawang.hu\/en\/","logo":{"@type":"ImageObject","inLanguage":"en-US","@id":"https:\/\/www.chansawang.hu\/en\/#\/schema\/logo\/image\/","url":"https:\/\/www.chansawang.hu\/wp-content\/uploads\/2025\/09\/logo-ChanSawang.svg","contentUrl":"https:\/\/www.chansawang.hu\/wp-content\/uploads\/2025\/09\/logo-ChanSawang.svg","width":106,"height":106,"caption":"AgeLoc s.r.o."},"image":{"@id":"https:\/\/www.chansawang.hu\/en\/#\/schema\/logo\/image\/"},"sameAs":["https:\/\/www.facebook.com\/profile.php?id=61563409901377"]}]}},"_links":{"self":[{"href":"https:\/\/www.chansawang.hu\/en\/wp-json\/wp\/v2\/product\/3603","targetHints":{"allow":["GET"]}}],"collection":[{"href":"https:\/\/www.chansawang.hu\/en\/wp-json\/wp\/v2\/product"}],"about":[{"href":"https:\/\/www.chansawang.hu\/en\/wp-json\/wp\/v2\/types\/product"}],"replies":[{"embeddable":true,"href":"https:\/\/www.chansawang.hu\/en\/wp-json\/wp\/v2\/comments?post=3603"}],"wp:featuredmedia":[{"embeddable":true,"href":"https:\/\/www.chansawang.hu\/en\/wp-json\/wp\/v2\/media\/3597"}],"wp:attachment":[{"href":"https:\/\/www.chansawang.hu\/en\/wp-json\/wp\/v2\/media?parent=3603"}],"wp:term":[{"taxonomy":"product_brand","embeddable":true,"href":"https:\/\/www.chansawang.hu\/en\/wp-json\/wp\/v2\/product_brand?post=3603"},{"taxonomy":"product_cat","embeddable":true,"href":"https:\/\/www.chansawang.hu\/en\/wp-json\/wp\/v2\/product_cat?post=3603"},{"taxonomy":"product_tag","embeddable":true,"href":"https:\/\/www.chansawang.hu\/en\/wp-json\/wp\/v2\/product_tag?post=3603"}],"curies":[{"name":"wp","href":"https:\/\/api.w.org\/{rel}","templated":true}]}}