{"id":3585,"date":"2026-01-08T13:23:05","date_gmt":"2026-01-08T12:23:05","guid":{"rendered":"https:\/\/www.chansawang.hu\/produkt\/plai-gel\/"},"modified":"2026-01-08T13:23:05","modified_gmt":"2026-01-08T12:23:05","slug":"plai-gel","status":"publish","type":"product","link":"https:\/\/www.chansawang.hu\/en\/produkt\/plai-gel\/","title":{"rendered":"Plai Gel"},"content":{"rendered":"<div class=\"product-description\">\n<h2>Plai Gel<\/h2>\n<p class=\"subtitle\"><em>Natural Soothing Gel for Irritated Skin<\/em><\/p>\n<p>\n Experience immediate relief and hydration with <strong>Plai Gel<\/strong> \u2014 a refreshing natural gel,<br \/>\nwhich instantly soothes, cools, and restores skin balance. Ideal for irritation,<br \/>\nredness, after sun exposure, or for dry and stressed skin.\n  <\/p>\n<h3>Key Benefits<\/h3>\n<ul>\n<li>Soothes &amp; Reduces Redness<\/li>\n<li>Hydrates &amp; Refreshes Skin<\/li>\n<li>Supports Skin Regeneration<\/li>\n<li>Provides a Pleasant Cooling Effect<\/li>\n<\/ul>\n<h3>Key Active Ingredients<\/h3>\n<ul>\n<li><strong>Thai Plai (Zingiber cassumunar):<\/strong> powerful anti-inflammatory and antibacterial effects, reduces irritation<\/li>\n<li><strong>Aloe Vera:<\/strong> soothes and intensely hydrates skin, promotes healing<\/li>\n<li><strong>Chamomile:<\/strong> reduces redness and sensitivity, acts as an anti-inflammatory<\/li>\n<li><strong>Cucumber:<\/strong> refreshes, hydrates, and evens skin tone<\/li>\n<li><strong>Hyaluronic Acid:<\/strong> deeply hydrates, plumps the skin and improves its elasticity<\/li>\n<\/ul>\n<h3>How to Use<\/h3>\n<ol>\n<li>After thoroughly cleansing the skin, apply a small amount of gel evenly to the face or affected area.<\/li>\n<li>Gently massage with fingertips until absorbed.<\/li>\n<li>Can be used daily, morning and evening, or whenever the skin needs relief and refreshment.<\/li>\n<\/ol>\n<p><strong>Tip:<\/strong> Also ideal after sun exposure or shaving.<\/p>\n<p>\n    <strong>Content:<\/strong> 20 g<br \/><strong>Category:<\/strong> Premium Thai Skincare\n  <\/p>\n<\/div>\n","protected":false},"excerpt":{"rendered":"<p data-start=\"156\" data-end=\"386\">Experience immediate relief and hydration with <strong data-start=\"191\" data-end=\"203\">Plai Gel<\/strong> \u2014 a refreshing natural gel that instantly soothes, cools, and restores skin balance. Ideal for irritation, redness, after sun exposure, or for dry and stressed skin.  <\/p>\n","protected":false},"featured_media":3571,"comment_status":"open","ping_status":"closed","template":"","meta":[],"product_brand":[],"product_cat":[115],"product_tag":[],"class_list":{"0":"post-3585","1":"product","2":"type-product","3":"status-publish","4":"has-post-thumbnail","6":"product_cat-balancing-anti-irritation-collection","8":"first","9":"instock","10":"taxable","11":"shipping-taxable","12":"purchasable","13":"product-type-simple"},"yoast_head":"<!-- This site is optimized with the Yoast SEO plugin v26.9 - https:\/\/yoast.com\/product\/yoast-seo-wordpress\/ -->\n<title>Plai Gel - ChanSawang.hu<\/title>\n<meta name=\"robots\" content=\"index, follow, max-snippet:-1, max-image-preview:large, max-video-preview:-1\" \/>\n<link rel=\"canonical\" href=\"https:\/\/www.chansawang.hu\/en\/produkt\/plai-gel\/\" \/>\n<meta property=\"og:locale\" content=\"en_US\" \/>\n<meta property=\"og:type\" content=\"article\" \/>\n<meta property=\"og:title\" content=\"Plai Gel - ChanSawang.hu\" \/>\n<meta property=\"og:description\" content=\"Experience immediate relief and hydration with Plai Gel \u2014 a refreshing natural gel that instantly soothes, cools, and restores skin balance. Ideal for irritation, redness, after sun exposure, or for dry and stressed skin.\" \/>\n<meta property=\"og:url\" content=\"https:\/\/www.chansawang.hu\/en\/produkt\/plai-gel\/\" \/>\n<meta property=\"og:site_name\" content=\"ChanSawang.hu\" \/>\n<meta property=\"article:publisher\" content=\"https:\/\/www.facebook.com\/profile.php?id=61563409901377\" \/>\n<meta property=\"og:image\" content=\"https:\/\/www.chansawang.hu\/wp-content\/uploads\/2026\/01\/plai-gel.jpg\" \/>\n\t<meta property=\"og:image:width\" content=\"1500\" \/>\n\t<meta property=\"og:image:height\" content=\"1500\" \/>\n\t<meta property=\"og:image:type\" content=\"image\/jpeg\" \/>\n<meta name=\"twitter:card\" content=\"summary_large_image\" \/>\n<meta name=\"twitter:label1\" content=\"Est. reading time\" \/>\n\t<meta name=\"twitter:data1\" content=\"1 minute\" \/>\n<script type=\"application\/ld+json\" class=\"yoast-schema-graph\">{\"@context\":\"https:\/\/schema.org\",\"@graph\":[{\"@type\":\"WebPage\",\"@id\":\"https:\/\/www.chansawang.hu\/en\/produkt\/plai-gel\/\",\"url\":\"https:\/\/www.chansawang.hu\/en\/produkt\/plai-gel\/\",\"name\":\"Plai Gel - ChanSawang.hu\",\"isPartOf\":{\"@id\":\"https:\/\/www.chansawang.hu\/en\/#website\"},\"primaryImageOfPage\":{\"@id\":\"https:\/\/www.chansawang.hu\/en\/produkt\/plai-gel\/#primaryimage\"},\"image\":{\"@id\":\"https:\/\/www.chansawang.hu\/en\/produkt\/plai-gel\/#primaryimage\"},\"thumbnailUrl\":\"https:\/\/www.chansawang.hu\/wp-content\/uploads\/2026\/01\/plai-gel.jpg\",\"datePublished\":\"2026-01-08T12:23:05+00:00\",\"breadcrumb\":{\"@id\":\"https:\/\/www.chansawang.hu\/en\/produkt\/plai-gel\/#breadcrumb\"},\"inLanguage\":\"en-US\",\"potentialAction\":[{\"@type\":\"ReadAction\",\"target\":[\"https:\/\/www.chansawang.hu\/en\/produkt\/plai-gel\/\"]}]},{\"@type\":\"ImageObject\",\"inLanguage\":\"en-US\",\"@id\":\"https:\/\/www.chansawang.hu\/en\/produkt\/plai-gel\/#primaryimage\",\"url\":\"https:\/\/www.chansawang.hu\/wp-content\/uploads\/2026\/01\/plai-gel.jpg\",\"contentUrl\":\"https:\/\/www.chansawang.hu\/wp-content\/uploads\/2026\/01\/plai-gel.jpg\",\"width\":1500,\"height\":1500},{\"@type\":\"BreadcrumbList\",\"@id\":\"https:\/\/www.chansawang.hu\/en\/produkt\/plai-gel\/#breadcrumb\",\"itemListElement\":[{\"@type\":\"ListItem\",\"position\":1,\"name\":\"Homepage\",\"item\":\"https:\/\/www.chansawang.hu\/en\/\"},{\"@type\":\"ListItem\",\"position\":2,\"name\":\"Products\",\"item\":\"https:\/\/www.chansawang.hu\/en\/shop\/\"},{\"@type\":\"ListItem\",\"position\":3,\"name\":\"Plai Gel\"}]},{\"@type\":\"WebSite\",\"@id\":\"https:\/\/www.chansawang.hu\/en\/#website\",\"url\":\"https:\/\/www.chansawang.hu\/en\/\",\"name\":\"AgeLoc - Pr\u00e9miov\u00e1 thajsk\u00e1 kozmetika ChanSawang\",\"description\":\"Pr\u00e9mium thai kozmetika\",\"publisher\":{\"@id\":\"https:\/\/www.chansawang.hu\/en\/#organization\"},\"potentialAction\":[{\"@type\":\"SearchAction\",\"target\":{\"@type\":\"EntryPoint\",\"urlTemplate\":\"https:\/\/www.chansawang.hu\/en\/?s={search_term_string}\"},\"query-input\":{\"@type\":\"PropertyValueSpecification\",\"valueRequired\":true,\"valueName\":\"search_term_string\"}}],\"inLanguage\":\"en-US\"},{\"@type\":\"Organization\",\"@id\":\"https:\/\/www.chansawang.hu\/en\/#organization\",\"name\":\"AgeLoc s.r.o.\",\"url\":\"https:\/\/www.chansawang.hu\/en\/\",\"logo\":{\"@type\":\"ImageObject\",\"inLanguage\":\"en-US\",\"@id\":\"https:\/\/www.chansawang.hu\/en\/#\/schema\/logo\/image\/\",\"url\":\"https:\/\/www.chansawang.hu\/wp-content\/uploads\/2025\/09\/logo-ChanSawang.svg\",\"contentUrl\":\"https:\/\/www.chansawang.hu\/wp-content\/uploads\/2025\/09\/logo-ChanSawang.svg\",\"width\":106,\"height\":106,\"caption\":\"AgeLoc s.r.o.\"},\"image\":{\"@id\":\"https:\/\/www.chansawang.hu\/en\/#\/schema\/logo\/image\/\"},\"sameAs\":[\"https:\/\/www.facebook.com\/profile.php?id=61563409901377\"]}]}<\/script>\n<!-- \/ Yoast SEO plugin. -->","yoast_head_json":{"title":"Plai Gel - ChanSawang.hu","robots":{"index":"index","follow":"follow","max-snippet":"max-snippet:-1","max-image-preview":"max-image-preview:large","max-video-preview":"max-video-preview:-1"},"canonical":"https:\/\/www.chansawang.hu\/en\/produkt\/plai-gel\/","og_locale":"en_US","og_type":"article","og_title":"Plai Gel - ChanSawang.hu","og_description":"Experience immediate relief and hydration with Plai Gel \u2014 a refreshing natural gel that instantly soothes, cools, and restores skin balance. Ideal for irritation, redness, after sun exposure, or for dry and stressed skin.","og_url":"https:\/\/www.chansawang.hu\/en\/produkt\/plai-gel\/","og_site_name":"ChanSawang.hu","article_publisher":"https:\/\/www.facebook.com\/profile.php?id=61563409901377","og_image":[{"width":1500,"height":1500,"url":"https:\/\/www.chansawang.hu\/wp-content\/uploads\/2026\/01\/plai-gel.jpg","type":"image\/jpeg"}],"twitter_card":"summary_large_image","twitter_misc":{"Est. reading time":"1 minute"},"schema":{"@context":"https:\/\/schema.org","@graph":[{"@type":"WebPage","@id":"https:\/\/www.chansawang.hu\/en\/produkt\/plai-gel\/","url":"https:\/\/www.chansawang.hu\/en\/produkt\/plai-gel\/","name":"Plai Gel - ChanSawang.hu","isPartOf":{"@id":"https:\/\/www.chansawang.hu\/en\/#website"},"primaryImageOfPage":{"@id":"https:\/\/www.chansawang.hu\/en\/produkt\/plai-gel\/#primaryimage"},"image":{"@id":"https:\/\/www.chansawang.hu\/en\/produkt\/plai-gel\/#primaryimage"},"thumbnailUrl":"https:\/\/www.chansawang.hu\/wp-content\/uploads\/2026\/01\/plai-gel.jpg","datePublished":"2026-01-08T12:23:05+00:00","breadcrumb":{"@id":"https:\/\/www.chansawang.hu\/en\/produkt\/plai-gel\/#breadcrumb"},"inLanguage":"en-US","potentialAction":[{"@type":"ReadAction","target":["https:\/\/www.chansawang.hu\/en\/produkt\/plai-gel\/"]}]},{"@type":"ImageObject","inLanguage":"en-US","@id":"https:\/\/www.chansawang.hu\/en\/produkt\/plai-gel\/#primaryimage","url":"https:\/\/www.chansawang.hu\/wp-content\/uploads\/2026\/01\/plai-gel.jpg","contentUrl":"https:\/\/www.chansawang.hu\/wp-content\/uploads\/2026\/01\/plai-gel.jpg","width":1500,"height":1500},{"@type":"BreadcrumbList","@id":"https:\/\/www.chansawang.hu\/en\/produkt\/plai-gel\/#breadcrumb","itemListElement":[{"@type":"ListItem","position":1,"name":"Homepage","item":"https:\/\/www.chansawang.hu\/en\/"},{"@type":"ListItem","position":2,"name":"Products","item":"https:\/\/www.chansawang.hu\/en\/shop\/"},{"@type":"ListItem","position":3,"name":"Plai Gel"}]},{"@type":"WebSite","@id":"https:\/\/www.chansawang.hu\/en\/#website","url":"https:\/\/www.chansawang.hu\/en\/","name":"AgeLoc - Pr\u00e9miov\u00e1 thajsk\u00e1 kozmetika ChanSawang","description":"Pr\u00e9mium thai kozmetika","publisher":{"@id":"https:\/\/www.chansawang.hu\/en\/#organization"},"potentialAction":[{"@type":"SearchAction","target":{"@type":"EntryPoint","urlTemplate":"https:\/\/www.chansawang.hu\/en\/?s={search_term_string}"},"query-input":{"@type":"PropertyValueSpecification","valueRequired":true,"valueName":"search_term_string"}}],"inLanguage":"en-US"},{"@type":"Organization","@id":"https:\/\/www.chansawang.hu\/en\/#organization","name":"AgeLoc s.r.o.","url":"https:\/\/www.chansawang.hu\/en\/","logo":{"@type":"ImageObject","inLanguage":"en-US","@id":"https:\/\/www.chansawang.hu\/en\/#\/schema\/logo\/image\/","url":"https:\/\/www.chansawang.hu\/wp-content\/uploads\/2025\/09\/logo-ChanSawang.svg","contentUrl":"https:\/\/www.chansawang.hu\/wp-content\/uploads\/2025\/09\/logo-ChanSawang.svg","width":106,"height":106,"caption":"AgeLoc s.r.o."},"image":{"@id":"https:\/\/www.chansawang.hu\/en\/#\/schema\/logo\/image\/"},"sameAs":["https:\/\/www.facebook.com\/profile.php?id=61563409901377"]}]}},"_links":{"self":[{"href":"https:\/\/www.chansawang.hu\/en\/wp-json\/wp\/v2\/product\/3585","targetHints":{"allow":["GET"]}}],"collection":[{"href":"https:\/\/www.chansawang.hu\/en\/wp-json\/wp\/v2\/product"}],"about":[{"href":"https:\/\/www.chansawang.hu\/en\/wp-json\/wp\/v2\/types\/product"}],"replies":[{"embeddable":true,"href":"https:\/\/www.chansawang.hu\/en\/wp-json\/wp\/v2\/comments?post=3585"}],"wp:featuredmedia":[{"embeddable":true,"href":"https:\/\/www.chansawang.hu\/en\/wp-json\/wp\/v2\/media\/3571"}],"wp:attachment":[{"href":"https:\/\/www.chansawang.hu\/en\/wp-json\/wp\/v2\/media?parent=3585"}],"wp:term":[{"taxonomy":"product_brand","embeddable":true,"href":"https:\/\/www.chansawang.hu\/en\/wp-json\/wp\/v2\/product_brand?post=3585"},{"taxonomy":"product_cat","embeddable":true,"href":"https:\/\/www.chansawang.hu\/en\/wp-json\/wp\/v2\/product_cat?post=3585"},{"taxonomy":"product_tag","embeddable":true,"href":"https:\/\/www.chansawang.hu\/en\/wp-json\/wp\/v2\/product_tag?post=3585"}],"curies":[{"name":"wp","href":"https:\/\/api.w.org\/{rel}","templated":true}]}}