{"id":3564,"date":"2026-01-08T13:23:04","date_gmt":"2026-01-08T12:23:04","guid":{"rendered":"https:\/\/www.chansawang.hu\/produkt\/age-update-megujito-borapolo-lotion\/"},"modified":"2026-01-08T13:23:04","modified_gmt":"2026-01-08T12:23:04","slug":"age-update-megujito-borapolo-lotion","status":"publish","type":"product","link":"https:\/\/www.chansawang.hu\/en\/produkt\/age-update-megujito-borapolo-lotion\/","title":{"rendered":"Age Update Meg\u00faj\u00edt\u00f3 B\u0151r\u00e1pol\u00f3 Lotion"},"content":{"rendered":"<div class=\"product-description\">\n<h2>Age Update Renewal Skin Lotion<\/h2>\n<p class=\"subtitle\"><em>Anti-Aging Hydration &amp; Deep Moisturizing<\/em><\/p>\n<p><strong>Intensive Hydration &amp; Wrinkle Reduction<\/strong><\/p>\n<p>Treat your skin to exceptional care with our luxurious hydrating facial cream,<br \/>\nwhich helps reduce visible signs of aging, firms and revitalizes the skin.<br \/>\nThis advanced formula with natural extracts stimulates collagen production<br \/>\nand gives the skin a radiant, youthful appearance.<\/p>\n<h3>Key Benefits<\/h3>\n<ul>\n<li>For all skin types<\/li>\n<li>Intensively hydrates and firms the skin<\/li>\n<li>Reduces fine lines and wrinkles<\/li>\n<li>Light, quickly absorbing texture<\/li>\n<\/ul>\n<h3>Key Ingredients<\/h3>\n<ul>\n<li><strong>Arbutin:<\/strong> brightens the skin and reduces pigment spots<\/li>\n<li><strong>Aloe Vera:<\/strong> soothes and hydrates the skin<\/li>\n<li><strong>Rice stem cells:<\/strong> promote skin regeneration and elasticity<\/li>\n<li><strong>Chicory root extract:<\/strong> smooths and firms the skin<\/li>\n<li><strong>Ceramides (1,3,6):<\/strong> strengthen the skin&#8217;s protective barrier<\/li>\n<li><strong>TENS&#8217;UP\u2122 &amp; SK-influx\u00ae: <\/strong>advanced anti-aging technologies for skin firming<\/li>\n<\/ul>\n<h3>How to Use<\/h3>\n<ol>\n<li>Apply two pumps of cream to clean skin or body morning and evening.<\/li>\n<li>Before application, spread it in your palms for better absorption and gently press it into the skin from the center of the face outwards.<\/li>\n<li>Avoid contact with eyes.<\/li>\n<li>For optimal results, combine with other products from the <strong>Age Update<\/strong> line.<\/li>\n<\/ol>\n<p><strong>Smoother, firmer, and more youthful skin every day!<\/strong><\/p>\n<p><strong>Content:<\/strong> 30 g<br \/>\n<strong>Category:<\/strong> Premium Thai Skincare<\/p>\n<p>&nbsp;<\/p>\n<\/div>\n<p><span style=\"color: #000000; font-family: Calibri; font-size: xx-small;\"><b>INGREDIENTS:<\/b> AQUA, CYCLOPENTASILOXANE, PROPYLENE GLYCOL, GLYCERIN, BUTYLENE GLYCOL, CICHORIUM INTYBUS ROOT OLIGOSACCHARIDES, ORYZA SATIVA CALLUS CULTURE EXTRACT, CYCLOHEXASILOXANE, STEARIC ACID, ARBUTIN, STEARYL ALCOHOL, DIMETHICONE\/VINYL DIMETHICONE CROSSPOLYMER, PEG-40 HYDROGENATED CASTOR OIL, POLYSORBATE 20, GLYCERYL STEARATE, PEG-100 STEARATE, PARFUM, PHENOXYETHANOL, TRIETHANOLAMINE, METHYLPARABEN, BUTYROSPERMUM PARKII BUTTER, SODIUM LAUROYL LACTYLATE, XANTHAN GUM, CARBOMER, PROPYLPARABEN, ALOE BARBADENSIS LEAF EXTRACT, 1,2-HEXANEDIOL, ETHYLPARABEN, CERAMIDE NP, GLUCONOLACTONE, CERAMIDE AP, CHOLESTEROL, PHYTOSPHINGOSINE, CAESALPINIA SPINOSA GUM, SODIUM BENZOATE, ETHYLHEXYLGLYCERIN, SODIUM HYALURONATE, CALCIUM GLUCONATE, CERAMIDE EOP, CITRONELLOL, LINALOOL, EUGENOL, GERANIOL<\/span><\/p>\n<p data-start=\"1319\" data-end=\"1377\" data-is-last-node=\"\" data-is-only-node=\"\">View the <a style=\"text-decoration: underline;\" href=\"https:\/\/www.facebook.com\/share\/v\/16sR1VnhMg\/\" target=\"_blank\" rel=\"noopener\">video<\/a><\/p>\n<div class=\"fb-video-responsive\" style=\"position: relative; width: 100%; padding-top: 56.25%;\"><iframe style=\"position: absolute; top: 0; left: 0; width: 100%; height: 100%; border: none; overflow: hidden;\" src=\"https:\/\/www.facebook.com\/plugins\/video.php?href=https%3A%2F%2Fwww.facebook.com%2Fwatch%2F%3Fv%3D711412888315502&amp;show_text=false&amp;width=560\" frameborder=\"0\" scrolling=\"no\" allowfullscreen=\"allowfullscreen\"><br \/>\n<\/iframe><\/div>\n","protected":false},"excerpt":{"rendered":"<p data-start=\"130\" data-end=\"426\">Treat your skin to exceptional care with our luxurious moisturizing facial cream that helps reduce visible signs of aging, firms and revitalizes the skin. This advanced formula with natural extracts stimulates collagen production and gives the skin a radiant, youthful appearance.  <\/p>\n","protected":false},"featured_media":3549,"comment_status":"open","ping_status":"closed","template":"","meta":[],"product_brand":[],"product_cat":[111],"product_tag":[],"class_list":{"0":"post-3564","1":"product","2":"type-product","3":"status-publish","4":"has-post-thumbnail","6":"product_cat-age-update-collection","8":"first","9":"instock","10":"taxable","11":"shipping-taxable","12":"purchasable","13":"product-type-simple"},"yoast_head":"<!-- This site is optimized with the Yoast SEO plugin v26.9 - https:\/\/yoast.com\/product\/yoast-seo-wordpress\/ -->\n<title>Age Update Meg\u00faj\u00edt\u00f3 B\u0151r\u00e1pol\u00f3 Lotion - ChanSawang.hu<\/title>\n<meta name=\"description\" content=\"Age Update Renewal Skin LotionAge Update Renewal Skin Lotion \u2013 Anti-Aging Hydration &amp; Deep Moisturizing\ud83c\udf3f Intensive hydration &amp; Wrinkle reduction \ud83c\udf3f\" \/>\n<meta name=\"robots\" content=\"index, follow, max-snippet:-1, max-image-preview:large, max-video-preview:-1\" \/>\n<link rel=\"canonical\" href=\"https:\/\/www.chansawang.hu\/en\/produkt\/age-update-megujito-borapolo-lotion\/\" \/>\n<meta property=\"og:locale\" content=\"en_US\" \/>\n<meta property=\"og:type\" content=\"article\" \/>\n<meta property=\"og:title\" content=\"Age Update Meg\u00faj\u00edt\u00f3 B\u0151r\u00e1pol\u00f3 Lotion - ChanSawang.hu\" \/>\n<meta property=\"og:description\" content=\"Age Update Renewal Skin LotionAge Update Renewal Skin Lotion \u2013 Anti-Aging Hydration &amp; Deep Moisturizing\ud83c\udf3f Intensive hydration &amp; Wrinkle reduction \ud83c\udf3f\" \/>\n<meta property=\"og:url\" content=\"https:\/\/www.chansawang.hu\/en\/produkt\/age-update-megujito-borapolo-lotion\/\" \/>\n<meta property=\"og:site_name\" content=\"ChanSawang.hu\" \/>\n<meta property=\"article:publisher\" content=\"https:\/\/www.facebook.com\/profile.php?id=61563409901377\" \/>\n<meta property=\"og:image\" content=\"https:\/\/www.chansawang.hu\/wp-content\/uploads\/2026\/01\/AGE-UPDATE-RENEWAL-SKIN-LOTION-02.webp\" \/>\n\t<meta property=\"og:image:width\" content=\"1500\" \/>\n\t<meta property=\"og:image:height\" content=\"1500\" \/>\n\t<meta property=\"og:image:type\" content=\"image\/webp\" \/>\n<meta name=\"twitter:card\" content=\"summary_large_image\" \/>\n<meta name=\"twitter:label1\" content=\"Est. reading time\" \/>\n\t<meta name=\"twitter:data1\" content=\"1 minute\" \/>\n<script type=\"application\/ld+json\" class=\"yoast-schema-graph\">{\"@context\":\"https:\/\/schema.org\",\"@graph\":[{\"@type\":\"WebPage\",\"@id\":\"https:\/\/www.chansawang.hu\/en\/produkt\/age-update-megujito-borapolo-lotion\/\",\"url\":\"https:\/\/www.chansawang.hu\/en\/produkt\/age-update-megujito-borapolo-lotion\/\",\"name\":\"Age Update Meg\u00faj\u00edt\u00f3 B\u0151r\u00e1pol\u00f3 Lotion - ChanSawang.hu\",\"isPartOf\":{\"@id\":\"https:\/\/www.chansawang.hu\/en\/#website\"},\"primaryImageOfPage\":{\"@id\":\"https:\/\/www.chansawang.hu\/en\/produkt\/age-update-megujito-borapolo-lotion\/#primaryimage\"},\"image\":{\"@id\":\"https:\/\/www.chansawang.hu\/en\/produkt\/age-update-megujito-borapolo-lotion\/#primaryimage\"},\"thumbnailUrl\":\"https:\/\/www.chansawang.hu\/wp-content\/uploads\/2026\/01\/AGE-UPDATE-RENEWAL-SKIN-LOTION-02.webp\",\"datePublished\":\"2026-01-08T12:23:04+00:00\",\"description\":\"Age Update Renewal Skin LotionAge Update Renewal Skin Lotion \u2013 Anti-Aging Hydration & Deep Moisturizing\ud83c\udf3f Intensive hydration & Wrinkle reduction \ud83c\udf3f\",\"breadcrumb\":{\"@id\":\"https:\/\/www.chansawang.hu\/en\/produkt\/age-update-megujito-borapolo-lotion\/#breadcrumb\"},\"inLanguage\":\"en-US\",\"potentialAction\":[{\"@type\":\"ReadAction\",\"target\":[\"https:\/\/www.chansawang.hu\/en\/produkt\/age-update-megujito-borapolo-lotion\/\"]}]},{\"@type\":\"ImageObject\",\"inLanguage\":\"en-US\",\"@id\":\"https:\/\/www.chansawang.hu\/en\/produkt\/age-update-megujito-borapolo-lotion\/#primaryimage\",\"url\":\"https:\/\/www.chansawang.hu\/wp-content\/uploads\/2026\/01\/AGE-UPDATE-RENEWAL-SKIN-LOTION-02.webp\",\"contentUrl\":\"https:\/\/www.chansawang.hu\/wp-content\/uploads\/2026\/01\/AGE-UPDATE-RENEWAL-SKIN-LOTION-02.webp\",\"width\":1500,\"height\":1500},{\"@type\":\"BreadcrumbList\",\"@id\":\"https:\/\/www.chansawang.hu\/en\/produkt\/age-update-megujito-borapolo-lotion\/#breadcrumb\",\"itemListElement\":[{\"@type\":\"ListItem\",\"position\":1,\"name\":\"Homepage\",\"item\":\"https:\/\/www.chansawang.hu\/en\/\"},{\"@type\":\"ListItem\",\"position\":2,\"name\":\"Products\",\"item\":\"https:\/\/www.chansawang.hu\/en\/shop\/\"},{\"@type\":\"ListItem\",\"position\":3,\"name\":\"Age Update Meg\u00faj\u00edt\u00f3 B\u0151r\u00e1pol\u00f3 Lotion\"}]},{\"@type\":\"WebSite\",\"@id\":\"https:\/\/www.chansawang.hu\/en\/#website\",\"url\":\"https:\/\/www.chansawang.hu\/en\/\",\"name\":\"AgeLoc - Pr\u00e9miov\u00e1 thajsk\u00e1 kozmetika ChanSawang\",\"description\":\"Pr\u00e9mium thai kozmetika\",\"publisher\":{\"@id\":\"https:\/\/www.chansawang.hu\/en\/#organization\"},\"potentialAction\":[{\"@type\":\"SearchAction\",\"target\":{\"@type\":\"EntryPoint\",\"urlTemplate\":\"https:\/\/www.chansawang.hu\/en\/?s={search_term_string}\"},\"query-input\":{\"@type\":\"PropertyValueSpecification\",\"valueRequired\":true,\"valueName\":\"search_term_string\"}}],\"inLanguage\":\"en-US\"},{\"@type\":\"Organization\",\"@id\":\"https:\/\/www.chansawang.hu\/en\/#organization\",\"name\":\"AgeLoc s.r.o.\",\"url\":\"https:\/\/www.chansawang.hu\/en\/\",\"logo\":{\"@type\":\"ImageObject\",\"inLanguage\":\"en-US\",\"@id\":\"https:\/\/www.chansawang.hu\/en\/#\/schema\/logo\/image\/\",\"url\":\"https:\/\/www.chansawang.hu\/wp-content\/uploads\/2025\/09\/logo-ChanSawang.svg\",\"contentUrl\":\"https:\/\/www.chansawang.hu\/wp-content\/uploads\/2025\/09\/logo-ChanSawang.svg\",\"width\":106,\"height\":106,\"caption\":\"AgeLoc s.r.o.\"},\"image\":{\"@id\":\"https:\/\/www.chansawang.hu\/en\/#\/schema\/logo\/image\/\"},\"sameAs\":[\"https:\/\/www.facebook.com\/profile.php?id=61563409901377\"]}]}<\/script>\n<!-- \/ Yoast SEO plugin. -->","yoast_head_json":{"title":"Age Update Meg\u00faj\u00edt\u00f3 B\u0151r\u00e1pol\u00f3 Lotion - ChanSawang.hu","description":"Age Update Renewal Skin LotionAge Update Renewal Skin Lotion \u2013 Anti-Aging Hydration & Deep Moisturizing\ud83c\udf3f Intensive hydration & Wrinkle reduction \ud83c\udf3f","robots":{"index":"index","follow":"follow","max-snippet":"max-snippet:-1","max-image-preview":"max-image-preview:large","max-video-preview":"max-video-preview:-1"},"canonical":"https:\/\/www.chansawang.hu\/en\/produkt\/age-update-megujito-borapolo-lotion\/","og_locale":"en_US","og_type":"article","og_title":"Age Update Meg\u00faj\u00edt\u00f3 B\u0151r\u00e1pol\u00f3 Lotion - ChanSawang.hu","og_description":"Age Update Renewal Skin LotionAge Update Renewal Skin Lotion \u2013 Anti-Aging Hydration & Deep Moisturizing\ud83c\udf3f Intensive hydration & Wrinkle reduction \ud83c\udf3f","og_url":"https:\/\/www.chansawang.hu\/en\/produkt\/age-update-megujito-borapolo-lotion\/","og_site_name":"ChanSawang.hu","article_publisher":"https:\/\/www.facebook.com\/profile.php?id=61563409901377","og_image":[{"width":1500,"height":1500,"url":"https:\/\/www.chansawang.hu\/wp-content\/uploads\/2026\/01\/AGE-UPDATE-RENEWAL-SKIN-LOTION-02.webp","type":"image\/webp"}],"twitter_card":"summary_large_image","twitter_misc":{"Est. reading time":"1 minute"},"schema":{"@context":"https:\/\/schema.org","@graph":[{"@type":"WebPage","@id":"https:\/\/www.chansawang.hu\/en\/produkt\/age-update-megujito-borapolo-lotion\/","url":"https:\/\/www.chansawang.hu\/en\/produkt\/age-update-megujito-borapolo-lotion\/","name":"Age Update Meg\u00faj\u00edt\u00f3 B\u0151r\u00e1pol\u00f3 Lotion - ChanSawang.hu","isPartOf":{"@id":"https:\/\/www.chansawang.hu\/en\/#website"},"primaryImageOfPage":{"@id":"https:\/\/www.chansawang.hu\/en\/produkt\/age-update-megujito-borapolo-lotion\/#primaryimage"},"image":{"@id":"https:\/\/www.chansawang.hu\/en\/produkt\/age-update-megujito-borapolo-lotion\/#primaryimage"},"thumbnailUrl":"https:\/\/www.chansawang.hu\/wp-content\/uploads\/2026\/01\/AGE-UPDATE-RENEWAL-SKIN-LOTION-02.webp","datePublished":"2026-01-08T12:23:04+00:00","description":"Age Update Renewal Skin LotionAge Update Renewal Skin Lotion \u2013 Anti-Aging Hydration & Deep Moisturizing\ud83c\udf3f Intensive hydration & Wrinkle reduction \ud83c\udf3f","breadcrumb":{"@id":"https:\/\/www.chansawang.hu\/en\/produkt\/age-update-megujito-borapolo-lotion\/#breadcrumb"},"inLanguage":"en-US","potentialAction":[{"@type":"ReadAction","target":["https:\/\/www.chansawang.hu\/en\/produkt\/age-update-megujito-borapolo-lotion\/"]}]},{"@type":"ImageObject","inLanguage":"en-US","@id":"https:\/\/www.chansawang.hu\/en\/produkt\/age-update-megujito-borapolo-lotion\/#primaryimage","url":"https:\/\/www.chansawang.hu\/wp-content\/uploads\/2026\/01\/AGE-UPDATE-RENEWAL-SKIN-LOTION-02.webp","contentUrl":"https:\/\/www.chansawang.hu\/wp-content\/uploads\/2026\/01\/AGE-UPDATE-RENEWAL-SKIN-LOTION-02.webp","width":1500,"height":1500},{"@type":"BreadcrumbList","@id":"https:\/\/www.chansawang.hu\/en\/produkt\/age-update-megujito-borapolo-lotion\/#breadcrumb","itemListElement":[{"@type":"ListItem","position":1,"name":"Homepage","item":"https:\/\/www.chansawang.hu\/en\/"},{"@type":"ListItem","position":2,"name":"Products","item":"https:\/\/www.chansawang.hu\/en\/shop\/"},{"@type":"ListItem","position":3,"name":"Age Update Meg\u00faj\u00edt\u00f3 B\u0151r\u00e1pol\u00f3 Lotion"}]},{"@type":"WebSite","@id":"https:\/\/www.chansawang.hu\/en\/#website","url":"https:\/\/www.chansawang.hu\/en\/","name":"AgeLoc - Pr\u00e9miov\u00e1 thajsk\u00e1 kozmetika ChanSawang","description":"Pr\u00e9mium thai kozmetika","publisher":{"@id":"https:\/\/www.chansawang.hu\/en\/#organization"},"potentialAction":[{"@type":"SearchAction","target":{"@type":"EntryPoint","urlTemplate":"https:\/\/www.chansawang.hu\/en\/?s={search_term_string}"},"query-input":{"@type":"PropertyValueSpecification","valueRequired":true,"valueName":"search_term_string"}}],"inLanguage":"en-US"},{"@type":"Organization","@id":"https:\/\/www.chansawang.hu\/en\/#organization","name":"AgeLoc s.r.o.","url":"https:\/\/www.chansawang.hu\/en\/","logo":{"@type":"ImageObject","inLanguage":"en-US","@id":"https:\/\/www.chansawang.hu\/en\/#\/schema\/logo\/image\/","url":"https:\/\/www.chansawang.hu\/wp-content\/uploads\/2025\/09\/logo-ChanSawang.svg","contentUrl":"https:\/\/www.chansawang.hu\/wp-content\/uploads\/2025\/09\/logo-ChanSawang.svg","width":106,"height":106,"caption":"AgeLoc s.r.o."},"image":{"@id":"https:\/\/www.chansawang.hu\/en\/#\/schema\/logo\/image\/"},"sameAs":["https:\/\/www.facebook.com\/profile.php?id=61563409901377"]}]}},"_links":{"self":[{"href":"https:\/\/www.chansawang.hu\/en\/wp-json\/wp\/v2\/product\/3564","targetHints":{"allow":["GET"]}}],"collection":[{"href":"https:\/\/www.chansawang.hu\/en\/wp-json\/wp\/v2\/product"}],"about":[{"href":"https:\/\/www.chansawang.hu\/en\/wp-json\/wp\/v2\/types\/product"}],"replies":[{"embeddable":true,"href":"https:\/\/www.chansawang.hu\/en\/wp-json\/wp\/v2\/comments?post=3564"}],"wp:featuredmedia":[{"embeddable":true,"href":"https:\/\/www.chansawang.hu\/en\/wp-json\/wp\/v2\/media\/3549"}],"wp:attachment":[{"href":"https:\/\/www.chansawang.hu\/en\/wp-json\/wp\/v2\/media?parent=3564"}],"wp:term":[{"taxonomy":"product_brand","embeddable":true,"href":"https:\/\/www.chansawang.hu\/en\/wp-json\/wp\/v2\/product_brand?post=3564"},{"taxonomy":"product_cat","embeddable":true,"href":"https:\/\/www.chansawang.hu\/en\/wp-json\/wp\/v2\/product_cat?post=3564"},{"taxonomy":"product_tag","embeddable":true,"href":"https:\/\/www.chansawang.hu\/en\/wp-json\/wp\/v2\/product_tag?post=3564"}],"curies":[{"name":"wp","href":"https:\/\/api.w.org\/{rel}","templated":true}]}}