{"id":3540,"date":"2026-01-08T13:23:04","date_gmt":"2026-01-08T12:23:04","guid":{"rendered":"https:\/\/www.chansawang.hu\/produkt\/age-update-renewal-skin-set\/"},"modified":"2026-01-08T13:23:04","modified_gmt":"2026-01-08T12:23:04","slug":"age-update-renewal-skin-set","status":"publish","type":"product","link":"https:\/\/www.chansawang.hu\/en\/produkt\/age-update-renewal-skin-set\/","title":{"rendered":"Age Update Renewal Skin Set"},"content":{"rendered":"<div class=\"product-description\">\n<h2>Age Update Renewal Skin Set<\/h2>\n<p class=\"subtitle\"><em>Complete anti-aging care<\/em><\/p>\n<p><strong>Lifting<\/strong><\/p>\n<p>\n Give your skin the perfect combination of hydration, firming, and rejuvenation with <strong>Age Update Renewal Skin Set<\/strong>. This premium set includes <strong>serum, lotion, and cream<\/strong>, which together provide comprehensive skincare, fight against signs of aging, and give it a youthful appearance.\n  <\/p>\n<h3>Products in the set<\/h3>\n<ul>\n<li><strong>Age Update Renewal Skin Serum:<\/strong> intensive regeneration &amp; lifting effect<\/li>\n<li><strong>Age Update Renewal Skin Lotion:<\/strong> deep hydration &amp; skin firming<\/li>\n<li><strong>Age Update Renewal Skin Cream:<\/strong> night regeneration &amp; wrinkle reduction<\/li>\n<\/ul>\n<h3>Key Benefits<\/h3>\n<ul>\n<li>Visibly reduces wrinkles and fine lines<\/li>\n<li>Firms and hydrates the skin<\/li>\n<li>Stimulates collagen production and skin regeneration<\/li>\n<li>Brightens the skin and evens its tone<\/li>\n<\/ul>\n<p><strong>For beautiful, radiant, and youthful skin \u2013 every day!<\/strong><\/p>\n<p>\n    <strong>Package contents:<\/strong><br \/>Cream \u2013 30 g<br \/>Serum \u2013 15 g<br \/>Lotion \u2013 30 g\n  <\/p>\n<p><a href=\"https:\/\/www.facebook.com\/share\/v\/16YFuubxkT\/\" target=\"_blank\" rel=\"noopener\">\ud83c\udfa5 Watch video<\/a><\/p>\n<\/div>\n","protected":false},"excerpt":{"rendered":"<p data-start=\"117\" data-end=\"398\">Give your skin the perfect combination of hydration, firming, and rejuvenation with <strong data-start=\"195\" data-end=\"223\">Age Update Renewal Skin Set<\/strong>. This premium set includes <strong data-start=\"253\" data-end=\"277\">serum, lotion, and cream<\/strong>, which together provide comprehensive skincare, fight against signs of aging, and give it a youthful appearance.  <\/p>\n","protected":false},"featured_media":3537,"comment_status":"open","ping_status":"closed","template":"","meta":[],"product_brand":[],"product_cat":[111],"product_tag":[],"class_list":{"0":"post-3540","1":"product","2":"type-product","3":"status-publish","4":"has-post-thumbnail","6":"product_cat-age-update-collection","8":"first","9":"instock","10":"taxable","11":"shipping-taxable","12":"purchasable","13":"product-type-simple"},"yoast_head":"<!-- This site is optimized with the Yoast SEO plugin v26.9 - https:\/\/yoast.com\/product\/yoast-seo-wordpress\/ -->\n<title>Age Update Renewal Skin Set - ChanSawang.hu<\/title>\n<meta name=\"robots\" content=\"index, follow, max-snippet:-1, max-image-preview:large, max-video-preview:-1\" \/>\n<link rel=\"canonical\" href=\"https:\/\/www.chansawang.hu\/en\/produkt\/age-update-renewal-skin-set\/\" \/>\n<meta property=\"og:locale\" content=\"en_US\" \/>\n<meta property=\"og:type\" content=\"article\" \/>\n<meta property=\"og:title\" content=\"Age Update Renewal Skin Set - ChanSawang.hu\" \/>\n<meta property=\"og:description\" content=\"Give your skin the perfect combination of hydration, firming, and rejuvenation with Age Update Renewal Skin Set. This premium set includes serum, lotion, and cream, which together provide comprehensive skincare, fight against signs of aging, and give it a youthful appearance.\" \/>\n<meta property=\"og:url\" content=\"https:\/\/www.chansawang.hu\/en\/produkt\/age-update-renewal-skin-set\/\" \/>\n<meta property=\"og:site_name\" content=\"ChanSawang.hu\" \/>\n<meta property=\"article:publisher\" content=\"https:\/\/www.facebook.com\/profile.php?id=61563409901377\" \/>\n<meta property=\"og:image\" content=\"https:\/\/www.chansawang.hu\/wp-content\/uploads\/2026\/01\/AGE-UPDATE-RENEWAL-SKIN-SET-02.webp\" \/>\n\t<meta property=\"og:image:width\" content=\"1500\" \/>\n\t<meta property=\"og:image:height\" content=\"1500\" \/>\n\t<meta property=\"og:image:type\" content=\"image\/webp\" \/>\n<meta name=\"twitter:card\" content=\"summary_large_image\" \/>\n<meta name=\"twitter:label1\" content=\"Est. reading time\" \/>\n\t<meta name=\"twitter:data1\" content=\"1 minute\" \/>\n<script type=\"application\/ld+json\" class=\"yoast-schema-graph\">{\"@context\":\"https:\/\/schema.org\",\"@graph\":[{\"@type\":\"WebPage\",\"@id\":\"https:\/\/www.chansawang.hu\/en\/produkt\/age-update-renewal-skin-set\/\",\"url\":\"https:\/\/www.chansawang.hu\/en\/produkt\/age-update-renewal-skin-set\/\",\"name\":\"Age Update Renewal Skin Set - ChanSawang.hu\",\"isPartOf\":{\"@id\":\"https:\/\/www.chansawang.hu\/en\/#website\"},\"primaryImageOfPage\":{\"@id\":\"https:\/\/www.chansawang.hu\/en\/produkt\/age-update-renewal-skin-set\/#primaryimage\"},\"image\":{\"@id\":\"https:\/\/www.chansawang.hu\/en\/produkt\/age-update-renewal-skin-set\/#primaryimage\"},\"thumbnailUrl\":\"https:\/\/www.chansawang.hu\/wp-content\/uploads\/2026\/01\/AGE-UPDATE-RENEWAL-SKIN-SET-02.webp\",\"datePublished\":\"2026-01-08T12:23:04+00:00\",\"breadcrumb\":{\"@id\":\"https:\/\/www.chansawang.hu\/en\/produkt\/age-update-renewal-skin-set\/#breadcrumb\"},\"inLanguage\":\"en-US\",\"potentialAction\":[{\"@type\":\"ReadAction\",\"target\":[\"https:\/\/www.chansawang.hu\/en\/produkt\/age-update-renewal-skin-set\/\"]}]},{\"@type\":\"ImageObject\",\"inLanguage\":\"en-US\",\"@id\":\"https:\/\/www.chansawang.hu\/en\/produkt\/age-update-renewal-skin-set\/#primaryimage\",\"url\":\"https:\/\/www.chansawang.hu\/wp-content\/uploads\/2026\/01\/AGE-UPDATE-RENEWAL-SKIN-SET-02.webp\",\"contentUrl\":\"https:\/\/www.chansawang.hu\/wp-content\/uploads\/2026\/01\/AGE-UPDATE-RENEWAL-SKIN-SET-02.webp\",\"width\":1500,\"height\":1500},{\"@type\":\"BreadcrumbList\",\"@id\":\"https:\/\/www.chansawang.hu\/en\/produkt\/age-update-renewal-skin-set\/#breadcrumb\",\"itemListElement\":[{\"@type\":\"ListItem\",\"position\":1,\"name\":\"Homepage\",\"item\":\"https:\/\/www.chansawang.hu\/en\/\"},{\"@type\":\"ListItem\",\"position\":2,\"name\":\"Products\",\"item\":\"https:\/\/www.chansawang.hu\/en\/shop\/\"},{\"@type\":\"ListItem\",\"position\":3,\"name\":\"Age Update Renewal Skin Set\"}]},{\"@type\":\"WebSite\",\"@id\":\"https:\/\/www.chansawang.hu\/en\/#website\",\"url\":\"https:\/\/www.chansawang.hu\/en\/\",\"name\":\"AgeLoc - Pr\u00e9miov\u00e1 thajsk\u00e1 kozmetika ChanSawang\",\"description\":\"Pr\u00e9mium thai kozmetika\",\"publisher\":{\"@id\":\"https:\/\/www.chansawang.hu\/en\/#organization\"},\"potentialAction\":[{\"@type\":\"SearchAction\",\"target\":{\"@type\":\"EntryPoint\",\"urlTemplate\":\"https:\/\/www.chansawang.hu\/en\/?s={search_term_string}\"},\"query-input\":{\"@type\":\"PropertyValueSpecification\",\"valueRequired\":true,\"valueName\":\"search_term_string\"}}],\"inLanguage\":\"en-US\"},{\"@type\":\"Organization\",\"@id\":\"https:\/\/www.chansawang.hu\/en\/#organization\",\"name\":\"AgeLoc s.r.o.\",\"url\":\"https:\/\/www.chansawang.hu\/en\/\",\"logo\":{\"@type\":\"ImageObject\",\"inLanguage\":\"en-US\",\"@id\":\"https:\/\/www.chansawang.hu\/en\/#\/schema\/logo\/image\/\",\"url\":\"https:\/\/www.chansawang.hu\/wp-content\/uploads\/2025\/09\/logo-ChanSawang.svg\",\"contentUrl\":\"https:\/\/www.chansawang.hu\/wp-content\/uploads\/2025\/09\/logo-ChanSawang.svg\",\"width\":106,\"height\":106,\"caption\":\"AgeLoc s.r.o.\"},\"image\":{\"@id\":\"https:\/\/www.chansawang.hu\/en\/#\/schema\/logo\/image\/\"},\"sameAs\":[\"https:\/\/www.facebook.com\/profile.php?id=61563409901377\"]}]}<\/script>\n<!-- \/ Yoast SEO plugin. -->","yoast_head_json":{"title":"Age Update Renewal Skin Set - ChanSawang.hu","robots":{"index":"index","follow":"follow","max-snippet":"max-snippet:-1","max-image-preview":"max-image-preview:large","max-video-preview":"max-video-preview:-1"},"canonical":"https:\/\/www.chansawang.hu\/en\/produkt\/age-update-renewal-skin-set\/","og_locale":"en_US","og_type":"article","og_title":"Age Update Renewal Skin Set - ChanSawang.hu","og_description":"Give your skin the perfect combination of hydration, firming, and rejuvenation with Age Update Renewal Skin Set. This premium set includes serum, lotion, and cream, which together provide comprehensive skincare, fight against signs of aging, and give it a youthful appearance.","og_url":"https:\/\/www.chansawang.hu\/en\/produkt\/age-update-renewal-skin-set\/","og_site_name":"ChanSawang.hu","article_publisher":"https:\/\/www.facebook.com\/profile.php?id=61563409901377","og_image":[{"width":1500,"height":1500,"url":"https:\/\/www.chansawang.hu\/wp-content\/uploads\/2026\/01\/AGE-UPDATE-RENEWAL-SKIN-SET-02.webp","type":"image\/webp"}],"twitter_card":"summary_large_image","twitter_misc":{"Est. reading time":"1 minute"},"schema":{"@context":"https:\/\/schema.org","@graph":[{"@type":"WebPage","@id":"https:\/\/www.chansawang.hu\/en\/produkt\/age-update-renewal-skin-set\/","url":"https:\/\/www.chansawang.hu\/en\/produkt\/age-update-renewal-skin-set\/","name":"Age Update Renewal Skin Set - ChanSawang.hu","isPartOf":{"@id":"https:\/\/www.chansawang.hu\/en\/#website"},"primaryImageOfPage":{"@id":"https:\/\/www.chansawang.hu\/en\/produkt\/age-update-renewal-skin-set\/#primaryimage"},"image":{"@id":"https:\/\/www.chansawang.hu\/en\/produkt\/age-update-renewal-skin-set\/#primaryimage"},"thumbnailUrl":"https:\/\/www.chansawang.hu\/wp-content\/uploads\/2026\/01\/AGE-UPDATE-RENEWAL-SKIN-SET-02.webp","datePublished":"2026-01-08T12:23:04+00:00","breadcrumb":{"@id":"https:\/\/www.chansawang.hu\/en\/produkt\/age-update-renewal-skin-set\/#breadcrumb"},"inLanguage":"en-US","potentialAction":[{"@type":"ReadAction","target":["https:\/\/www.chansawang.hu\/en\/produkt\/age-update-renewal-skin-set\/"]}]},{"@type":"ImageObject","inLanguage":"en-US","@id":"https:\/\/www.chansawang.hu\/en\/produkt\/age-update-renewal-skin-set\/#primaryimage","url":"https:\/\/www.chansawang.hu\/wp-content\/uploads\/2026\/01\/AGE-UPDATE-RENEWAL-SKIN-SET-02.webp","contentUrl":"https:\/\/www.chansawang.hu\/wp-content\/uploads\/2026\/01\/AGE-UPDATE-RENEWAL-SKIN-SET-02.webp","width":1500,"height":1500},{"@type":"BreadcrumbList","@id":"https:\/\/www.chansawang.hu\/en\/produkt\/age-update-renewal-skin-set\/#breadcrumb","itemListElement":[{"@type":"ListItem","position":1,"name":"Homepage","item":"https:\/\/www.chansawang.hu\/en\/"},{"@type":"ListItem","position":2,"name":"Products","item":"https:\/\/www.chansawang.hu\/en\/shop\/"},{"@type":"ListItem","position":3,"name":"Age Update Renewal Skin Set"}]},{"@type":"WebSite","@id":"https:\/\/www.chansawang.hu\/en\/#website","url":"https:\/\/www.chansawang.hu\/en\/","name":"AgeLoc - Pr\u00e9miov\u00e1 thajsk\u00e1 kozmetika ChanSawang","description":"Pr\u00e9mium thai kozmetika","publisher":{"@id":"https:\/\/www.chansawang.hu\/en\/#organization"},"potentialAction":[{"@type":"SearchAction","target":{"@type":"EntryPoint","urlTemplate":"https:\/\/www.chansawang.hu\/en\/?s={search_term_string}"},"query-input":{"@type":"PropertyValueSpecification","valueRequired":true,"valueName":"search_term_string"}}],"inLanguage":"en-US"},{"@type":"Organization","@id":"https:\/\/www.chansawang.hu\/en\/#organization","name":"AgeLoc s.r.o.","url":"https:\/\/www.chansawang.hu\/en\/","logo":{"@type":"ImageObject","inLanguage":"en-US","@id":"https:\/\/www.chansawang.hu\/en\/#\/schema\/logo\/image\/","url":"https:\/\/www.chansawang.hu\/wp-content\/uploads\/2025\/09\/logo-ChanSawang.svg","contentUrl":"https:\/\/www.chansawang.hu\/wp-content\/uploads\/2025\/09\/logo-ChanSawang.svg","width":106,"height":106,"caption":"AgeLoc s.r.o."},"image":{"@id":"https:\/\/www.chansawang.hu\/en\/#\/schema\/logo\/image\/"},"sameAs":["https:\/\/www.facebook.com\/profile.php?id=61563409901377"]}]}},"_links":{"self":[{"href":"https:\/\/www.chansawang.hu\/en\/wp-json\/wp\/v2\/product\/3540","targetHints":{"allow":["GET"]}}],"collection":[{"href":"https:\/\/www.chansawang.hu\/en\/wp-json\/wp\/v2\/product"}],"about":[{"href":"https:\/\/www.chansawang.hu\/en\/wp-json\/wp\/v2\/types\/product"}],"replies":[{"embeddable":true,"href":"https:\/\/www.chansawang.hu\/en\/wp-json\/wp\/v2\/comments?post=3540"}],"wp:featuredmedia":[{"embeddable":true,"href":"https:\/\/www.chansawang.hu\/en\/wp-json\/wp\/v2\/media\/3537"}],"wp:attachment":[{"href":"https:\/\/www.chansawang.hu\/en\/wp-json\/wp\/v2\/media?parent=3540"}],"wp:term":[{"taxonomy":"product_brand","embeddable":true,"href":"https:\/\/www.chansawang.hu\/en\/wp-json\/wp\/v2\/product_brand?post=3540"},{"taxonomy":"product_cat","embeddable":true,"href":"https:\/\/www.chansawang.hu\/en\/wp-json\/wp\/v2\/product_cat?post=3540"},{"taxonomy":"product_tag","embeddable":true,"href":"https:\/\/www.chansawang.hu\/en\/wp-json\/wp\/v2\/product_tag?post=3540"}],"curies":[{"name":"wp","href":"https:\/\/api.w.org\/{rel}","templated":true}]}}